{"id":73,"date":"2017-10-17T08:23:23","date_gmt":"2017-10-17T08:23:23","guid":{"rendered":"https:\/\/wp.pixeltypen.de\/?page_id=73"},"modified":"2024-07-29T15:26:14","modified_gmt":"2024-07-29T13:26:14","slug":"impressum","status":"publish","type":"page","link":"https:\/\/hopfenveredlung.pixeltypen.de\/en\/impressum\/","title":{"rendered":"Imprint"},"content":{"rendered":"<div data-elementor-type=\"wp-page\" data-elementor-id=\"73\" class=\"elementor elementor-73\" data-elementor-post-type=\"page\">\n\t\t\t\t\t\t<section class=\"elementor-section elementor-top-section elementor-element elementor-element-71ed99a elementor-section-boxed elementor-section-height-default elementor-section-height-default\" data-id=\"71ed99a\" data-element_type=\"section\" data-e-type=\"section\">\n\t\t\t\t\t\t<div class=\"elementor-container elementor-column-gap-default\">\n\t\t\t\t\t<div class=\"elementor-column elementor-col-100 elementor-top-column elementor-element elementor-element-7a69a46\" data-id=\"7a69a46\" data-element_type=\"column\" data-e-type=\"column\">\n\t\t\t<div class=\"elementor-widget-wrap elementor-element-populated\">\n\t\t\t\t\t\t<div class=\"elementor-element elementor-element-55e7afa elementor-widget elementor-widget-heading\" data-id=\"55e7afa\" data-element_type=\"widget\" data-e-type=\"widget\" data-widget_type=\"heading.default\">\n\t\t\t\t<div class=\"elementor-widget-container\">\n\t\t\t\t\t<h2 class=\"elementor-heading-title elementor-size-default\">Imprint<\/h2>\t\t\t\t<\/div>\n\t\t\t\t<\/div>\n\t\t\t\t<div class=\"elementor-element elementor-element-e7fa8c2 elementor-widget elementor-widget-text-editor\" data-id=\"e7fa8c2\" data-element_type=\"widget\" data-e-type=\"widget\" data-widget_type=\"text-editor.default\">\n\t\t\t\t<div class=\"elementor-widget-container\">\n\t\t\t\t\t\t\t\t\t<p><b><span class=\"hopfenveredlung\">Hopfenveredlung<\/span> St. Johann GmbH<\/b><br>Mainburger Stra\u00dfe 15<br><span style=\"color: var(--black); font-family: var(--body-stack); font-size: 16px; font-weight: 300;\">93358 St. Johann<br><\/span>t.: +49 94 44 | 87 80<br>f.:&nbsp;<span style=\"font-family: Interstate, Helvetica, Arial, sans-serif; font-size: 16px; font-style: normal; font-variant-ligatures: normal; font-variant-caps: normal; font-weight: 300; color: var( --e-global-color-text );\">+49 94 44 | 87 81 78<br>m.:&nbsp;<\/span><a href=\"mailto: contact@hopfenveredlung.de\"><span style=\"color: var(--black); font-family: var(--body-stack); font-size: 16px; font-weight: 300;\">contact(at)hopfenveredlung.de<\/span><\/a><\/p>\n<p>Register court: Nuremberg<br><span style=\"color: var(--black); font-family: var(--body-stack); font-size: 16px; font-weight: 300;\">Registration number: HR B 33254<\/span><\/p>\n<p>Managing Directors: Oliver Bergner, Dr. Erich Lehmair<\/p>\n<p>Sales tax identification number according to \u00a7 27 a sales tax law: DE 133404100<\/p>\n<p>Terms of use:<\/p>\n<p>All contents (images, texts, etc.) of these pages are the property of the <span class=\"hopfenveredlung\">Hopfenveredlung<\/span> St. Johann. Reproduction is permitted only after consultation with the operator indicated above.<\/p>\n<p>Picture credits gruenhopfenbier_bayerisches-bier.jpg: Bayerischer Brauerbund, e. V.<br>Photos: \u00a9 pedagrafie<\/p>\n<p>\u00a9 ZDF:&nbsp;<a href=\"https:\/\/www.zdf.de\/dokumentation\/besseresser\/besseresser-die-tricks-in-frikadellen-ue-eiern--co-100.html\" target=\"_blank\" rel=\"noopener noreferrer\">zdf.de\/documentation\/better\/better-the-tricks-in-frikadellen-ue-eiern-co-100.html<\/a><br>\u00a9 ZDF and Lars D\u00f6ring:&nbsp;<a href=\"https:\/\/www.wunschliste.de\/episode\/1689529\/besseresser-die-tricks-in-frikadellen-ue-eiern-and-co\" target=\"_blank\" rel=\"noopener noreferrer\">wunschliste.de\/episode\/1689529\/better-the-tricks-in-frikadellen-ue-eiern-and-co<\/a><\/p>\n<p>The contact email address provided is not designed for advertising purposes, so such messages will be filtered and deleted.<\/p>\t\t\t\t\t\t\t\t<\/div>\n\t\t\t\t<\/div>\n\t\t\t\t\t<\/div>\n\t\t<\/div>\n\t\t\t\t\t<\/div>\n\t\t<\/section>\n\t\t\t\t<\/div>","protected":false},"excerpt":{"rendered":"<p>Impressum Hopfenveredlung St. Johann GmbHMainburger Stra\u00dfe 1593358 St. Johannt.: +49 94 44 | 87 80f.:&nbsp;+49 94 44 | 87 81&nbsp; 78m.:&nbsp;contact(at)hopfenveredlung.de Registergericht: N\u00fcrnbergRegisternummer: HR B 33254 Gesch\u00e4ftsf\u00fchrer: Oliver Bergner,&nbsp;Dr. Erich Lehmair Umsatzsteuer-Identifikationsnummer gem\u00e4\u00df \u00a7 27 a Umsatzsteuergesetz: DE 133404100 Nutzungsbedingungen: S\u00e4mtliche Inhalte (Bilder, Texte, etc.) dieser Seiten sind Eigentum der Hopfenveredlung St. Johann. Eine Vervielf\u00e4ltigung [&hellip;]<\/p>\n","protected":false},"author":2,"featured_media":0,"parent":0,"menu_order":0,"comment_status":"closed","ping_status":"closed","template":"elementor_header_footer","meta":{"_acf_changed":false,"inline_featured_image":false,"footnotes":"","_links_to":"","_links_to_target":""},"class_list":["post-73","page","type-page","status-publish","hentry","entry"],"acf":[],"yoast_head":"<!-- This site is optimized with the Yoast SEO plugin v27.3 - https:\/\/yoast.com\/product\/yoast-seo-wordpress\/ -->\n<title>Impressum - Hopfenveredlung<\/title>\n<meta name=\"robots\" content=\"noindex, follow, max-snippet:-1, max-image-preview:large, max-video-preview:-1\" \/>\n<meta property=\"og:locale\" content=\"en_US\" \/>\n<meta property=\"og:type\" content=\"article\" \/>\n<meta property=\"og:title\" content=\"Impressum - Hopfenveredlung\" \/>\n<meta property=\"og:description\" content=\"Impressum Hopfenveredlung St. Johann GmbHMainburger Stra\u00dfe 1593358 St. Johannt.: +49 94 44 | 87 80f.:&nbsp;+49 94 44 | 87 81&nbsp; 78m.:&nbsp;contact(at)hopfenveredlung.de Registergericht: N\u00fcrnbergRegisternummer: HR B 33254 Gesch\u00e4ftsf\u00fchrer: Oliver Bergner,&nbsp;Dr. Erich Lehmair Umsatzsteuer-Identifikationsnummer gem\u00e4\u00df \u00a7 27 a Umsatzsteuergesetz: DE 133404100 Nutzungsbedingungen: S\u00e4mtliche Inhalte (Bilder, Texte, etc.) dieser Seiten sind Eigentum der Hopfenveredlung St. Johann. Eine Vervielf\u00e4ltigung [&hellip;]\" \/>\n<meta property=\"og:url\" content=\"https:\/\/hopfenveredlung.pixeltypen.de\/en\/impressum\/\" \/>\n<meta property=\"og:site_name\" content=\"Hopfenveredlung\" \/>\n<meta property=\"article:modified_time\" content=\"2024-07-29T13:26:14+00:00\" \/>\n<meta name=\"twitter:card\" content=\"summary_large_image\" \/>\n<meta name=\"twitter:label1\" content=\"Est. reading time\" \/>\n\t<meta name=\"twitter:data1\" content=\"1 minute\" \/>\n<script type=\"application\/ld+json\" class=\"yoast-schema-graph\">{\"@context\":\"https:\\\/\\\/schema.org\",\"@graph\":[{\"@type\":\"WebPage\",\"@id\":\"https:\\\/\\\/hopfenveredlung.pixeltypen.de\\\/impressum\\\/\",\"url\":\"https:\\\/\\\/hopfenveredlung.pixeltypen.de\\\/impressum\\\/\",\"name\":\"Impressum - Hopfenveredlung\",\"isPartOf\":{\"@id\":\"https:\\\/\\\/hopfenveredlung.pixeltypen.de\\\/#website\"},\"datePublished\":\"2017-10-17T08:23:23+00:00\",\"dateModified\":\"2024-07-29T13:26:14+00:00\",\"breadcrumb\":{\"@id\":\"https:\\\/\\\/hopfenveredlung.pixeltypen.de\\\/impressum\\\/#breadcrumb\"},\"inLanguage\":\"en-US\",\"potentialAction\":[{\"@type\":\"ReadAction\",\"target\":[\"https:\\\/\\\/hopfenveredlung.pixeltypen.de\\\/impressum\\\/\"]}]},{\"@type\":\"BreadcrumbList\",\"@id\":\"https:\\\/\\\/hopfenveredlung.pixeltypen.de\\\/impressum\\\/#breadcrumb\",\"itemListElement\":[{\"@type\":\"ListItem\",\"position\":1,\"name\":\"Startseite\",\"item\":\"https:\\\/\\\/hopfenveredlung.pixeltypen.de\\\/\"},{\"@type\":\"ListItem\",\"position\":2,\"name\":\"Impressum\"}]},{\"@type\":\"WebSite\",\"@id\":\"https:\\\/\\\/hopfenveredlung.pixeltypen.de\\\/#website\",\"url\":\"https:\\\/\\\/hopfenveredlung.pixeltypen.de\\\/\",\"name\":\"Hopfenveredlung\",\"description\":\"Gr\u00f6\u00dftes Verarbeitungswerk f\u00fcr Hopfen\",\"publisher\":{\"@id\":\"https:\\\/\\\/hopfenveredlung.pixeltypen.de\\\/#organization\"},\"potentialAction\":[{\"@type\":\"SearchAction\",\"target\":{\"@type\":\"EntryPoint\",\"urlTemplate\":\"https:\\\/\\\/hopfenveredlung.pixeltypen.de\\\/?s={search_term_string}\"},\"query-input\":{\"@type\":\"PropertyValueSpecification\",\"valueRequired\":true,\"valueName\":\"search_term_string\"}}],\"inLanguage\":\"en-US\"},{\"@type\":\"Organization\",\"@id\":\"https:\\\/\\\/hopfenveredlung.pixeltypen.de\\\/#organization\",\"name\":\"Hopfenveredlung\",\"url\":\"https:\\\/\\\/hopfenveredlung.pixeltypen.de\\\/\",\"logo\":{\"@type\":\"ImageObject\",\"inLanguage\":\"en-US\",\"@id\":\"https:\\\/\\\/hopfenveredlung.pixeltypen.de\\\/#\\\/schema\\\/logo\\\/image\\\/\",\"url\":\"https:\\\/\\\/hopfenveredlung.pixeltypen.de\\\/wp-content\\\/uploads\\\/2021\\\/05\\\/logo.svg\",\"contentUrl\":\"https:\\\/\\\/hopfenveredlung.pixeltypen.de\\\/wp-content\\\/uploads\\\/2021\\\/05\\\/logo.svg\",\"width\":203,\"height\":80,\"caption\":\"Hopfenveredlung\"},\"image\":{\"@id\":\"https:\\\/\\\/hopfenveredlung.pixeltypen.de\\\/#\\\/schema\\\/logo\\\/image\\\/\"}}]}<\/script>\n<!-- \/ Yoast SEO plugin. -->","yoast_head_json":{"title":"Imprint - Hop refinement","robots":{"index":"noindex","follow":"follow","max-snippet":"max-snippet:-1","max-image-preview":"max-image-preview:large","max-video-preview":"max-video-preview:-1"},"og_locale":"en_US","og_type":"article","og_title":"Impressum - Hopfenveredlung","og_description":"Impressum Hopfenveredlung St. Johann GmbHMainburger Stra\u00dfe 1593358 St. Johannt.: +49 94 44 | 87 80f.:&nbsp;+49 94 44 | 87 81&nbsp; 78m.:&nbsp;contact(at)hopfenveredlung.de Registergericht: N\u00fcrnbergRegisternummer: HR B 33254 Gesch\u00e4ftsf\u00fchrer: Oliver Bergner,&nbsp;Dr. Erich Lehmair Umsatzsteuer-Identifikationsnummer gem\u00e4\u00df \u00a7 27 a Umsatzsteuergesetz: DE 133404100 Nutzungsbedingungen: S\u00e4mtliche Inhalte (Bilder, Texte, etc.) dieser Seiten sind Eigentum der Hopfenveredlung St. Johann. Eine Vervielf\u00e4ltigung [&hellip;]","og_url":"https:\/\/hopfenveredlung.pixeltypen.de\/en\/impressum\/","og_site_name":"Hopfenveredlung","article_modified_time":"2024-07-29T13:26:14+00:00","twitter_card":"summary_large_image","twitter_misc":{"Est. reading time":"1 minute"},"schema":{"@context":"https:\/\/schema.org","@graph":[{"@type":"WebPage","@id":"https:\/\/hopfenveredlung.pixeltypen.de\/impressum\/","url":"https:\/\/hopfenveredlung.pixeltypen.de\/impressum\/","name":"Imprint - Hop refinement","isPartOf":{"@id":"https:\/\/hopfenveredlung.pixeltypen.de\/#website"},"datePublished":"2017-10-17T08:23:23+00:00","dateModified":"2024-07-29T13:26:14+00:00","breadcrumb":{"@id":"https:\/\/hopfenveredlung.pixeltypen.de\/impressum\/#breadcrumb"},"inLanguage":"en-US","potentialAction":[{"@type":"ReadAction","target":["https:\/\/hopfenveredlung.pixeltypen.de\/impressum\/"]}]},{"@type":"BreadcrumbList","@id":"https:\/\/hopfenveredlung.pixeltypen.de\/impressum\/#breadcrumb","itemListElement":[{"@type":"ListItem","position":1,"name":"Startseite","item":"https:\/\/hopfenveredlung.pixeltypen.de\/"},{"@type":"ListItem","position":2,"name":"Impressum"}]},{"@type":"WebSite","@id":"https:\/\/hopfenveredlung.pixeltypen.de\/#website","url":"https:\/\/hopfenveredlung.pixeltypen.de\/","name":"Hopfenveredlung","description":"Largest processing plant for hops","publisher":{"@id":"https:\/\/hopfenveredlung.pixeltypen.de\/#organization"},"potentialAction":[{"@type":"SearchAction","target":{"@type":"EntryPoint","urlTemplate":"https:\/\/hopfenveredlung.pixeltypen.de\/?s={search_term_string}"},"query-input":{"@type":"PropertyValueSpecification","valueRequired":true,"valueName":"search_term_string"}}],"inLanguage":"en-US"},{"@type":"Organization","@id":"https:\/\/hopfenveredlung.pixeltypen.de\/#organization","name":"Hopfenveredlung","url":"https:\/\/hopfenveredlung.pixeltypen.de\/","logo":{"@type":"ImageObject","inLanguage":"en-US","@id":"https:\/\/hopfenveredlung.pixeltypen.de\/#\/schema\/logo\/image\/","url":"https:\/\/hopfenveredlung.pixeltypen.de\/wp-content\/uploads\/2021\/05\/logo.svg","contentUrl":"https:\/\/hopfenveredlung.pixeltypen.de\/wp-content\/uploads\/2021\/05\/logo.svg","width":203,"height":80,"caption":"Hopfenveredlung"},"image":{"@id":"https:\/\/hopfenveredlung.pixeltypen.de\/#\/schema\/logo\/image\/"}}]}},"_links":{"self":[{"href":"https:\/\/hopfenveredlung.pixeltypen.de\/en\/wp-json\/wp\/v2\/pages\/73","targetHints":{"allow":["GET"]}}],"collection":[{"href":"https:\/\/hopfenveredlung.pixeltypen.de\/en\/wp-json\/wp\/v2\/pages"}],"about":[{"href":"https:\/\/hopfenveredlung.pixeltypen.de\/en\/wp-json\/wp\/v2\/types\/page"}],"author":[{"embeddable":true,"href":"https:\/\/hopfenveredlung.pixeltypen.de\/en\/wp-json\/wp\/v2\/users\/2"}],"replies":[{"embeddable":true,"href":"https:\/\/hopfenveredlung.pixeltypen.de\/en\/wp-json\/wp\/v2\/comments?post=73"}],"version-history":[{"count":38,"href":"https:\/\/hopfenveredlung.pixeltypen.de\/en\/wp-json\/wp\/v2\/pages\/73\/revisions"}],"predecessor-version":[{"id":3752,"href":"https:\/\/hopfenveredlung.pixeltypen.de\/en\/wp-json\/wp\/v2\/pages\/73\/revisions\/3752"}],"wp:attachment":[{"href":"https:\/\/hopfenveredlung.pixeltypen.de\/en\/wp-json\/wp\/v2\/media?parent=73"}],"curies":[{"name":"wp","href":"https:\/\/api.w.org\/{rel}","templated":true}]}}